{"id":4218,"date":"2022-02-17T11:50:55","date_gmt":"2022-02-17T10:50:55","guid":{"rendered":"https:\/\/www.glocalvalue.it\/papercut\/?page_id=4218"},"modified":"2024-12-13T11:37:06","modified_gmt":"2024-12-13T10:37:06","slug":"report-di-idc-con-papercut","status":"publish","type":"page","link":"https:\/\/www.glocalvalue.it\/papercut\/report-di-idc-con-papercut\/","title":{"rendered":"Report di IDC con PaperCut"},"content":{"rendered":"<section class=\"cs-section\"><div class=\"container\"><div class=\"row\"><div class=\"col-md-12\"><img fetchpriority=\"high\" decoding=\"async\" width=\"803\" height=\"353\" src=\"https:\/\/www.glocalvalue.it\/papercut\/wp-content\/uploads\/2024\/12\/20241213_report_idc.jpg\" class=\"aligncenter\" alt=\"\" srcset=\"https:\/\/www.glocalvalue.it\/papercut\/wp-content\/uploads\/2024\/12\/20241213_report_idc.jpg 803w, https:\/\/www.glocalvalue.it\/papercut\/wp-content\/uploads\/2024\/12\/20241213_report_idc-300x132.jpg 300w, https:\/\/www.glocalvalue.it\/papercut\/wp-content\/uploads\/2024\/12\/20241213_report_idc-768x338.jpg 768w\" sizes=\"(max-width: 803px) 100vw, 803px\" \/><hr class=\"cs-space\"><img decoding=\"async\" width=\"1917\" height=\"1057\" src=\"https:\/\/www.glocalvalue.it\/papercut\/wp-content\/uploads\/2024\/12\/20241213_papercut_2024_idc_marketscape_report.png\" class=\"aligncenter\" alt=\"\" srcset=\"https:\/\/www.glocalvalue.it\/papercut\/wp-content\/uploads\/2024\/12\/20241213_papercut_2024_idc_marketscape_report.png 1917w, https:\/\/www.glocalvalue.it\/papercut\/wp-content\/uploads\/2024\/12\/20241213_papercut_2024_idc_marketscape_report-300x165.png 300w, https:\/\/www.glocalvalue.it\/papercut\/wp-content\/uploads\/2024\/12\/20241213_papercut_2024_idc_marketscape_report-1024x565.png 1024w, https:\/\/www.glocalvalue.it\/papercut\/wp-content\/uploads\/2024\/12\/20241213_papercut_2024_idc_marketscape_report-768x423.png 768w, https:\/\/www.glocalvalue.it\/papercut\/wp-content\/uploads\/2024\/12\/20241213_papercut_2024_idc_marketscape_report-1536x847.png 1536w\" sizes=\"(max-width: 1917px) 100vw, 1917px\" \/><hr class=\"cs-space\"><div class=\"cs-column-text\"><p>La valutazione IDC MarketScape valuta i fornitori di software indipendenti per fornire alle imprese la possibilit\u00e0 di identificare i fornitori con offerte forti e strategie ben integrate. Ci\u00f2 che distingue un IDC MarketScape \u00e8 la sua rigorosa metodologia di valutazione, che va oltre la quota di mercato e fornisce un quadro chiaro che confronta l&#8217;offerta di prodotti e servizi, le capacit\u00e0 e le strategie, nonch\u00e9 i fattori di successo attuali e futuri del mercato per ogni fornitore.<\/p>\n<p>Come parte del processo di ricerca, gli analisti di IDC hanno esaminato quanto bene PaperCut stesse fornendo le capacit\u00e0 che permettevano loro di eseguire la loro strategia sul mercato, oltre a valutare e confrontare le capacit\u00e0 tecniche del software di gestione della stampa di PaperCut, la forza della loro offerta sul mercato, lo slancio sul mercato e la soddisfazione dei clienti.<\/p>\n<p>In particolare, i fornitori di software (incluso PaperCut) sono stati valutati in base alle loro capacit\u00e0 nei seguenti ambiti:<\/p>\n<ul>\n<li>Portfolio di soluzioni attuali con servizi e caratteristiche specifiche del prodotto per affrontare un panorama di stampa ad ampio raggio<\/li>\n<\/ul>\n<ul>\n<li>Road map per affrontare le sfide specifiche dei clienti relative all&#8217;infrastruttura di stampa<\/li>\n<\/ul>\n<ul>\n<li>Capacit\u00e0 e strategie per aiutare i clienti a ottenere un ambiente di stampa ottimale e sicuro<\/li>\n<\/ul>\n<ul>\n<li>Un approccio olistico alla fornitura di soluzioni di gestione della stampa orizzontali e verticali attraverso impegni diretti e gestiti dai partner<\/li>\n<\/ul>\n<ul>\n<li>Sviluppo e fornitura di servizi e soluzioni flessibili, prezzi e modelli di fatturazione e capacit\u00e0 di supportare modalit\u00e0 on premise e in cloud sia privato che pubblico<\/li>\n<\/ul>\n<p>&nbsp;<\/p>\n<\/div><hr class=\"cs-space\">[vc_custom_heading text=&#8221;Per il 4\u00b0 anno consecutivo PaperCut risulta essere #1 nel report IDC Worldwide Device and Print Management Market Share&#8221; font_container=&#8221;tag:h2|text_align:left|color:%238dc63f&#8221; use_theme_fonts=&#8221;yes&#8221;]<img decoding=\"async\" width=\"1915\" height=\"1076\" src=\"https:\/\/www.glocalvalue.it\/papercut\/wp-content\/uploads\/2024\/07\/IDC_PaperCut_2024.png\" class=\"aligncenter\" alt=\"\" srcset=\"https:\/\/www.glocalvalue.it\/papercut\/wp-content\/uploads\/2024\/07\/IDC_PaperCut_2024.png 1915w, https:\/\/www.glocalvalue.it\/papercut\/wp-content\/uploads\/2024\/07\/IDC_PaperCut_2024-300x169.png 300w, https:\/\/www.glocalvalue.it\/papercut\/wp-content\/uploads\/2024\/07\/IDC_PaperCut_2024-1024x575.png 1024w, https:\/\/www.glocalvalue.it\/papercut\/wp-content\/uploads\/2024\/07\/IDC_PaperCut_2024-768x432.png 768w, https:\/\/www.glocalvalue.it\/papercut\/wp-content\/uploads\/2024\/07\/IDC_PaperCut_2024-1536x863.png 1536w\" sizes=\"(max-width: 1915px) 100vw, 1915px\" \/>[vc_empty_space height=&#8221;10px&#8221;][vc_empty_space height=&#8221;10px&#8221;]<\/div><\/div><\/div><\/section>\n","protected":false},"excerpt":{"rendered":"<p><span class=\"entry-read-more\"><a href=\"https:\/\/www.glocalvalue.it\/papercut\/report-di-idc-con-papercut\/\" class=\"cs-btn cs-btn-flat cs-btn-rounded cs-btn-xxs cs-btn-flat-accent\">Leggi tutto<\/a><\/span><\/p>\n","protected":false},"author":4,"featured_media":0,"parent":0,"menu_order":0,"comment_status":"closed","ping_status":"closed","template":"","meta":{"footnotes":""},"class_list":["post-4218","page","type-page","status-publish","hentry"],"_links":{"self":[{"href":"https:\/\/www.glocalvalue.it\/papercut\/wp-json\/wp\/v2\/pages\/4218","targetHints":{"allow":["GET"]}}],"collection":[{"href":"https:\/\/www.glocalvalue.it\/papercut\/wp-json\/wp\/v2\/pages"}],"about":[{"href":"https:\/\/www.glocalvalue.it\/papercut\/wp-json\/wp\/v2\/types\/page"}],"author":[{"embeddable":true,"href":"https:\/\/www.glocalvalue.it\/papercut\/wp-json\/wp\/v2\/users\/4"}],"replies":[{"embeddable":true,"href":"https:\/\/www.glocalvalue.it\/papercut\/wp-json\/wp\/v2\/comments?post=4218"}],"version-history":[{"count":26,"href":"https:\/\/www.glocalvalue.it\/papercut\/wp-json\/wp\/v2\/pages\/4218\/revisions"}],"predecessor-version":[{"id":5861,"href":"https:\/\/www.glocalvalue.it\/papercut\/wp-json\/wp\/v2\/pages\/4218\/revisions\/5861"}],"wp:attachment":[{"href":"https:\/\/www.glocalvalue.it\/papercut\/wp-json\/wp\/v2\/media?parent=4218"}],"curies":[{"name":"wp","href":"https:\/\/api.w.org\/{rel}","templated":true}]}}