{"id":1089,"date":"2016-10-20T14:03:02","date_gmt":"2016-10-20T12:03:02","guid":{"rendered":"http:\/\/www.glocalvalue.it\/papercut\/?page_id=1089"},"modified":"2016-12-19T17:54:51","modified_gmt":"2016-12-19T16:54:51","slug":"ulteriori-benefici","status":"publish","type":"page","link":"http:\/\/www.glocalvalue.it\/papercut\/ulteriori-benefici\/","title":{"rendered":"Ulteriori benefici"},"content":{"rendered":"<section class=\"cs-section custom-padding\" style=\" padding-top: 40px; padding-bottom:0px;\"><div class=\"container\"><div class=\"row\"><div class=\"col-md-12\">[vc_custom_heading text=&#8221;Riduzione impatto ambientale&#8221; font_container=&#8221;tag:h3|text_align:left&#8221; use_theme_fonts=&#8221;yes&#8221;]<div class=\"cs-column-text\"><p>In alcune soluzioni di print management (PaperCut MF tra queste) sono presenti contatori che riportano tutti i dati relativi all\u2019impatto ambientale (alberi, gas serra ed energia). Questo, insieme alla possibilit\u00e0 di personalizzare i pop-up di avvertimento, incoraggia a una stampa responsabile contenendo gli sprechi e permettendo al management di avere dati precisi circa la coerenza dei comportamenti adottati con politiche di sostenibilit\u00e0 ambientale definite a livello strategico.<\/p>\n<\/div><div class=\"cs-divider-icon text-center\"><div class=\"cs-divider-icon-inner\" style=\"font-size:30px;color:#8dc63f;\"><i class=\"cs-in fa fa-angle-double-down\"><\/i><\/div><\/div><\/div><\/div><\/div><\/section><section class=\"cs-section custom-padding\" style=\" padding-top: 0px; padding-bottom:0px;\"><div class=\"container\"><div class=\"row\"><div class=\"col-md-12\">[vc_custom_heading text=&#8221;Flessibilit\u00e0&#8221; font_container=&#8221;tag:h3|text_align:left&#8221; use_theme_fonts=&#8221;yes&#8221;]<div class=\"cs-column-text\"><p>La funzionalit\u00e0 pull printing (in PaperCut MF denominata Find-Me) permette all\u2019utente di ritirare la stampa da una qualsiasi delle multifunzioni installate in rete. Non c\u2019\u00e8 alcun problema dunque se ci si reca su una multifunzione indisponibile poich\u00e9 si pu\u00f2 richiedere la stampa da un&#8217;altra multifunzione. PaperCut MF, inoltre, rende disponibili senza nessun costo aggiuntivo tutte le possibilit\u00e0 di stampa da qualsiasi device mobile aumentando in questo modo la flessibilit\u00e0 per gli utenti mobili.<\/p>\n<\/div><div class=\"cs-divider-icon text-center\"><div class=\"cs-divider-icon-inner\" style=\"font-size:30px;color:#8dc63f;\"><i class=\"cs-in fa fa-angle-double-down\"><\/i><\/div><\/div><\/div><\/div><\/div><\/section><section class=\"cs-section custom-padding\" style=\" padding-top: 0px; padding-bottom:0px;\"><div class=\"container\"><div class=\"row\"><div class=\"col-md-12\">[vc_custom_heading text=&#8221;Maggior controllo&#8221; font_container=&#8221;tag:h3|text_align:left&#8221; use_theme_fonts=&#8221;yes&#8221;]<div class=\"cs-column-text\"><p>Una soluzione di print management, oltre a permettere la riduzione degli sprechi, consente di tenere facilmente sotto controllo una delle aree aziendali \u00a0che, senza un utilizzo di un software di gestione stampe, sarebbe fuori da un puntuale controllo di gestione.<\/p>\n<\/div><div class=\"cs-divider-icon text-center\"><div class=\"cs-divider-icon-inner\" style=\"font-size:30px;color:#8dc63f;\"><i class=\"cs-in fa fa-angle-double-down\"><\/i><\/div><\/div><\/div><\/div><\/div><\/section><section class=\"cs-section custom-padding\" style=\" padding-top: 0px; padding-bottom:0px;\"><div class=\"container\"><div class=\"row\"><div class=\"col-md-12\">[vc_custom_heading text=&#8221;Sicurezza&#8221; font_container=&#8221;tag:h3|text_align:left&#8221; use_theme_fonts=&#8221;yes&#8221;]<div class=\"cs-column-text\"><p>Un potenziale rischio per l\u2019organizzazione (e quindi un possibile costo indiretto) \u00e8 legato alla sicurezza dei documenti stampati. Grazie alle soluzioni di print management solo chi ha inviato la stampa \u00e8 autorizzato in seguito a ritirarla (rif. legge Codice in Materia di Protezione dei Dati Personali). Inoltre in quest\u2019ambito PaperCut MF mette a disposizione, senza costi aggiuntivi, due importanti funzionalit\u00e0: il watermarking ed il print archiving. Il watermarking permette di risalire in modo sicuro a chi ha prodotto la stampa mentre il print archiving, funzionalit\u00e0 molto apprezzata in certi ambiti, permette di archiviare automaticamente l\u2019esatta copia del documento che \u00e8 stato inviato in stampa.<\/p>\n<\/div><div class=\"cs-divider-icon text-center\"><div class=\"cs-divider-icon-inner\" style=\"font-size:30px;color:#8dc63f;\"><i class=\"cs-in fa fa-angle-double-down\"><\/i><\/div><\/div><\/div><\/div><\/div><\/section><section class=\"cs-section custom-padding\" style=\" padding-top: 0px; padding-bottom:0px;\"><div class=\"container\"><div class=\"row\"><div class=\"col-md-12\">[vc_custom_heading text=&#8221;Private Cloud ready&#8221; font_container=&#8221;tag:h3|text_align:left&#8221; use_theme_fonts=&#8221;yes&#8221;]<div class=\"cs-column-text\"><p>PaperCut MF \u00e8 una soluzione Private Cloud Ready. Ci\u00f2 permette di ridurre notevolmente i costi di acquisto per hardware, licenze dei sistemi operativi e i vari costi di gestione associati, oltre che garantire una maggior flessibilit\u00e0 e scalabilit\u00e0, fornire una migliore qualit\u00e0 di servizi e sicurezza.<\/p>\n<\/div><div class=\"cs-divider-icon text-center\"><div class=\"cs-divider-icon-inner\" style=\"font-size:30px;color:#8dc63f;\"><i class=\"cs-in fa fa-angle-double-down\"><\/i><\/div><\/div><\/div><\/div><\/div><\/section><section class=\"cs-section custom-padding\" style=\" padding-top: 0px; padding-bottom:50px;\"><div class=\"container\"><div class=\"row\"><div class=\"col-md-6\"><a href=\"http:\/\/www.glocalvalue.it\/papercut\/print-management-tutte-le-opportunita-di-risparmio\/\"><img decoding=\"async\" width=\"150\" height=\"150\" src=\"http:\/\/www.glocalvalue.it\/papercut\/wp-content\/uploads\/2016\/05\/01-icon-opportunita.png\" class=\"aligncenter\" alt=\"\" \/><\/a>[vc_custom_heading text=&#8221;Print Management:<br \/>\ntutte le opportunit\u00e0 di risparmio &#8221; font_container=&#8221;tag:h4|font_size:20px|text_align:center&#8221; use_theme_fonts=&#8221;yes&#8221;]<div class=\"cs-btn-align text-center\"><a href=\"http:\/\/www.glocalvalue.it\/papercut\/print-management-tutte-le-opportunita-di-risparmio\/\" class=\"cs-btn cs-btn-custom cs-btn-square cs-btn-custom-own cs-btn-sm cs-btn-custom-69dc05e82da91\">Vedi nel dettaglio<\/a><\/div><\/div><div class=\"col-md-6\"><a href=\"http:\/\/www.glocalvalue.it\/papercut\/in-piu-con-papercut-mf\/\"><img decoding=\"async\" width=\"150\" height=\"150\" src=\"http:\/\/www.glocalvalue.it\/papercut\/wp-content\/uploads\/2016\/05\/03-icon-papercuti.png\" class=\"aligncenter\" alt=\"\" \/><\/a>[vc_custom_heading text=&#8221;In pi\u00f9,<br \/>\ncon PaperCut MF\u2026&#8221; font_container=&#8221;tag:h4|font_size:20px|text_align:center&#8221; use_theme_fonts=&#8221;yes&#8221;]<div class=\"cs-btn-align text-center\"><a href=\"http:\/\/www.glocalvalue.it\/papercut\/in-piu-con-papercut-mf\/\" class=\"cs-btn cs-btn-custom cs-btn-square cs-btn-custom-own cs-btn-sm cs-btn-custom-69dc05e82dca0\">Vedi nel dettaglio<\/a><\/div><\/div><\/div><\/div><\/section>\n","protected":false},"excerpt":{"rendered":"<p><span class=\"entry-read-more\"><a href=\"http:\/\/www.glocalvalue.it\/papercut\/ulteriori-benefici\/\" class=\"cs-btn cs-btn-flat cs-btn-rounded cs-btn-xxs cs-btn-flat-accent\">Leggi tutto<\/a><\/span><\/p>\n","protected":false},"author":4,"featured_media":0,"parent":0,"menu_order":0,"comment_status":"closed","ping_status":"closed","template":"","meta":{"footnotes":""},"class_list":["post-1089","page","type-page","status-publish","hentry"],"_links":{"self":[{"href":"http:\/\/www.glocalvalue.it\/papercut\/wp-json\/wp\/v2\/pages\/1089","targetHints":{"allow":["GET"]}}],"collection":[{"href":"http:\/\/www.glocalvalue.it\/papercut\/wp-json\/wp\/v2\/pages"}],"about":[{"href":"http:\/\/www.glocalvalue.it\/papercut\/wp-json\/wp\/v2\/types\/page"}],"author":[{"embeddable":true,"href":"http:\/\/www.glocalvalue.it\/papercut\/wp-json\/wp\/v2\/users\/4"}],"replies":[{"embeddable":true,"href":"http:\/\/www.glocalvalue.it\/papercut\/wp-json\/wp\/v2\/comments?post=1089"}],"version-history":[{"count":5,"href":"http:\/\/www.glocalvalue.it\/papercut\/wp-json\/wp\/v2\/pages\/1089\/revisions"}],"predecessor-version":[{"id":1164,"href":"http:\/\/www.glocalvalue.it\/papercut\/wp-json\/wp\/v2\/pages\/1089\/revisions\/1164"}],"wp:attachment":[{"href":"http:\/\/www.glocalvalue.it\/papercut\/wp-json\/wp\/v2\/media?parent=1089"}],"curies":[{"name":"wp","href":"https:\/\/api.w.org\/{rel}","templated":true}]}}